{"id":81,"date":"2022-10-24T18:30:06","date_gmt":"2022-10-24T21:30:06","guid":{"rendered":"https:\/\/studiododente-com-br-751852.hostingersite.com\/?page_id=81"},"modified":"2024-10-31T10:25:02","modified_gmt":"2024-10-31T13:25:02","slug":"contato","status":"publish","type":"page","link":"https:\/\/studiododente.com.br\/?page_id=81","title":{"rendered":"Contato"},"content":{"rendered":"\t\t<div data-elementor-type=\"wp-page\" data-elementor-id=\"81\" class=\"elementor elementor-81\" data-elementor-post-type=\"page\">\n\t\t\t\t\t\t<section class=\"elementor-section elementor-top-section elementor-element elementor-element-4f5515e elementor-section-boxed elementor-section-height-default elementor-section-height-default\" data-id=\"4f5515e\" data-element_type=\"section\" data-e-type=\"section\" data-settings=\"{&quot;background_background&quot;:&quot;classic&quot;}\">\n\t\t\t\t\t\t<div class=\"elementor-container elementor-column-gap-default\">\n\t\t\t\t\t<div class=\"elementor-column elementor-col-100 elementor-top-column elementor-element elementor-element-4302319\" data-id=\"4302319\" data-element_type=\"column\" data-e-type=\"column\">\n\t\t\t<div class=\"elementor-widget-wrap elementor-element-populated\">\n\t\t\t\t\t\t<div class=\"elementor-element elementor-element-b208d82 elementor-widget elementor-widget-heading\" data-id=\"b208d82\" data-element_type=\"widget\" data-e-type=\"widget\" data-widget_type=\"heading.default\">\n\t\t\t\t<div class=\"elementor-widget-container\">\n\t\t\t\t\t<span class=\"elementor-heading-title elementor-size-default\">Entre em <\/span>\t\t\t\t<\/div>\n\t\t\t\t<\/div>\n\t\t\t\t<div class=\"elementor-element elementor-element-a09b48a elementor-widget elementor-widget-heading\" data-id=\"a09b48a\" data-element_type=\"widget\" data-e-type=\"widget\" data-widget_type=\"heading.default\">\n\t\t\t\t<div class=\"elementor-widget-container\">\n\t\t\t\t\t<h1 class=\"elementor-heading-title elementor-size-default\">Contato<\/h1>\t\t\t\t<\/div>\n\t\t\t\t<\/div>\n\t\t\t\t<div class=\"elementor-element elementor-element-75ad3a1 elementor-widget elementor-widget-text-editor\" data-id=\"75ad3a1\" data-element_type=\"widget\" data-e-type=\"widget\" data-widget_type=\"text-editor.default\">\n\t\t\t\t<div class=\"elementor-widget-container\">\n\t\t\t\t\t\t\t\t\tEntre em contato conosco! Nossa equipe est\u00e1 dispon\u00edvel de segunda a quinta, das 09h \u00e0s 18h30, e nas sextas, das 09h \u00e0s 17h30, pronta para atender suas d\u00favidas e agendar o seu tratamento. Estamos aqui para cuidar do seu sorriso!\t\t\t\t\t\t\t\t<\/div>\n\t\t\t\t<\/div>\n\t\t\t\t\t<\/div>\n\t\t<\/div>\n\t\t\t\t\t<\/div>\n\t\t<\/section>\n\t\t\t\t<section class=\"elementor-section elementor-top-section elementor-element elementor-element-0135edd elementor-section-boxed elementor-section-height-default elementor-section-height-default\" data-id=\"0135edd\" data-element_type=\"section\" data-e-type=\"section\" data-settings=\"{&quot;background_background&quot;:&quot;classic&quot;}\">\n\t\t\t\t\t\t<div class=\"elementor-container elementor-column-gap-default\">\n\t\t\t\t\t<div class=\"elementor-column elementor-col-50 elementor-top-column elementor-element elementor-element-698b4e8\" data-id=\"698b4e8\" data-element_type=\"column\" data-e-type=\"column\">\n\t\t\t<div class=\"elementor-widget-wrap elementor-element-populated\">\n\t\t\t\t\t\t<div class=\"elementor-element elementor-element-ed7d269 elementor-align-center elementor-icon-list--layout-inline elementor-list-item-link-full_width elementor-widget elementor-widget-icon-list\" data-id=\"ed7d269\" data-element_type=\"widget\" data-e-type=\"widget\" data-widget_type=\"icon-list.default\">\n\t\t\t\t<div class=\"elementor-widget-container\">\n\t\t\t\t\t\t\t<ul class=\"elementor-icon-list-items elementor-inline-items\">\n\t\t\t\t\t\t\t<li class=\"elementor-icon-list-item elementor-inline-item\">\n\t\t\t\t\t\t\t\t\t\t\t<a href=\"https:\/\/api.whatsapp.com\/send?phone=5541996010671&#038;text=Ol\u00e1!%20Estou%20entrando%20em%20contato%20pelo%20site%20Studio%20do%20dente,%20quero%20agendar%20uma%20consulta.\" target=\"_blank\" rel=\"nofollow\">\n\n\t\t\t\t\t\t\t\t\t\t\t\t<span class=\"elementor-icon-list-icon\">\n\t\t\t\t\t\t\t<i aria-hidden=\"true\" class=\"fab fa-whatsapp\"><\/i>\t\t\t\t\t\t<\/span>\n\t\t\t\t\t\t\t\t\t\t<span class=\"elementor-icon-list-text\"> 41 <b>99601-0671<\/b><\/span>\n\t\t\t\t\t\t\t\t\t\t\t<\/a>\n\t\t\t\t\t\t\t\t\t<\/li>\n\t\t\t\t\t\t\t\t<li class=\"elementor-icon-list-item elementor-inline-item\">\n\t\t\t\t\t\t\t\t\t\t\t<a href=\"tel:04135666068\">\n\n\t\t\t\t\t\t\t\t\t\t\t\t<span class=\"elementor-icon-list-icon\">\n\t\t\t\t\t\t\t<i aria-hidden=\"true\" class=\"fas fa-phone-alt\"><\/i>\t\t\t\t\t\t<\/span>\n\t\t\t\t\t\t\t\t\t\t<span class=\"elementor-icon-list-text\"> 41<b> 3566-6068<\/b><\/span>\n\t\t\t\t\t\t\t\t\t\t\t<\/a>\n\t\t\t\t\t\t\t\t\t<\/li>\n\t\t\t\t\t\t<\/ul>\n\t\t\t\t\t\t<\/div>\n\t\t\t\t<\/div>\n\t\t\t\t<div class=\"elementor-element elementor-element-d55d2f2 elementor-widget elementor-widget-heading\" data-id=\"d55d2f2\" data-element_type=\"widget\" data-e-type=\"widget\" data-widget_type=\"heading.default\">\n\t\t\t\t<div class=\"elementor-widget-container\">\n\t\t\t\t\t<h2 class=\"elementor-heading-title elementor-size-default\">Onde nos encontrar<\/h2>\t\t\t\t<\/div>\n\t\t\t\t<\/div>\n\t\t\t\t<div class=\"elementor-element elementor-element-17c4de5 elementor-align-center elementor-icon-list--layout-traditional elementor-list-item-link-full_width elementor-widget elementor-widget-icon-list\" data-id=\"17c4de5\" data-element_type=\"widget\" data-e-type=\"widget\" data-widget_type=\"icon-list.default\">\n\t\t\t\t<div class=\"elementor-widget-container\">\n\t\t\t\t\t\t\t<ul class=\"elementor-icon-list-items\">\n\t\t\t\t\t\t\t<li class=\"elementor-icon-list-item\">\n\t\t\t\t\t\t\t\t\t\t\t<a href=\"https:\/\/www.google.com.br\/maps\/place\/Studio+do+Dente\/@-25.4595197,-49.2814738,17z\/data=!3m1!4b1!4m5!3m4!1s0x94dce48384a6afe9:0xb9034558af901ea!8m2!3d-25.4595197!4d-49.2792942\" target=\"_blank\" rel=\"nofollow\">\n\n\t\t\t\t\t\t\t\t\t\t\t\t<span class=\"elementor-icon-list-icon\">\n\t\t\t\t\t\t\t<i aria-hidden=\"true\" class=\"fas fa-map-marker-alt\"><\/i>\t\t\t\t\t\t<\/span>\n\t\t\t\t\t\t\t\t\t\t<span class=\"elementor-icon-list-text\"><b>Rua Castro, 665, \u00c1gua<br> Verde - Curitiba\/PR<\/b><\/span>\n\t\t\t\t\t\t\t\t\t\t\t<\/a>\n\t\t\t\t\t\t\t\t\t<\/li>\n\t\t\t\t\t\t<\/ul>\n\t\t\t\t\t\t<\/div>\n\t\t\t\t<\/div>\n\t\t\t\t<div class=\"elementor-element elementor-element-35af72a elementor-shape-rounded elementor-grid-0 e-grid-align-center elementor-widget elementor-widget-social-icons\" data-id=\"35af72a\" data-element_type=\"widget\" data-e-type=\"widget\" data-widget_type=\"social-icons.default\">\n\t\t\t\t<div class=\"elementor-widget-container\">\n\t\t\t\t\t\t\t<div class=\"elementor-social-icons-wrapper elementor-grid\" role=\"list\">\n\t\t\t\t\t\t\t<span class=\"elementor-grid-item\" role=\"listitem\">\n\t\t\t\t\t<a class=\"elementor-icon elementor-social-icon elementor-social-icon-phone-square-alt elementor-repeater-item-1fe7a8e\" href=\"tel:04135666068\" target=\"_blank\">\n\t\t\t\t\t\t<span class=\"elementor-screen-only\">Phone-square-alt<\/span>\n\t\t\t\t\t\t<i aria-hidden=\"true\" class=\"fas fa-phone-square-alt\"><\/i>\t\t\t\t\t<\/a>\n\t\t\t\t<\/span>\n\t\t\t\t\t\t\t<span class=\"elementor-grid-item\" role=\"listitem\">\n\t\t\t\t\t<a class=\"elementor-icon elementor-social-icon elementor-social-icon-whatsapp elementor-repeater-item-77b16b2\" href=\"https:\/\/api.whatsapp.com\/send?phone=5541996010671&#038;text=Ol%C3%A1!%20Estou%20entrando%20em%20contato%20pelo%20site%20Studio%20do%20dente,%20quero%20agendar%20uma%20consulta.\" target=\"_blank\">\n\t\t\t\t\t\t<span class=\"elementor-screen-only\">Whatsapp<\/span>\n\t\t\t\t\t\t<i aria-hidden=\"true\" class=\"fab fa-whatsapp\"><\/i>\t\t\t\t\t<\/a>\n\t\t\t\t<\/span>\n\t\t\t\t\t\t\t<span class=\"elementor-grid-item\" role=\"listitem\">\n\t\t\t\t\t<a class=\"elementor-icon elementor-social-icon elementor-social-icon-instagram elementor-repeater-item-32f904b\" href=\"https:\/\/www.instagram.com\/studiododente_curitiba\/\" target=\"_blank\">\n\t\t\t\t\t\t<span class=\"elementor-screen-only\">Instagram<\/span>\n\t\t\t\t\t\t<i aria-hidden=\"true\" class=\"fab fa-instagram\"><\/i>\t\t\t\t\t<\/a>\n\t\t\t\t<\/span>\n\t\t\t\t\t\t\t<span class=\"elementor-grid-item\" role=\"listitem\">\n\t\t\t\t\t<a class=\"elementor-icon elementor-social-icon elementor-social-icon-facebook elementor-repeater-item-8dca60b\" href=\"https:\/\/www.facebook.com\/StudioDoDente\" target=\"_blank\">\n\t\t\t\t\t\t<span class=\"elementor-screen-only\">Facebook<\/span>\n\t\t\t\t\t\t<i aria-hidden=\"true\" class=\"fab fa-facebook\"><\/i>\t\t\t\t\t<\/a>\n\t\t\t\t<\/span>\n\t\t\t\t\t<\/div>\n\t\t\t\t\t\t<\/div>\n\t\t\t\t<\/div>\n\t\t\t\t<div class=\"elementor-element elementor-element-f882d9c elementor-align-center elementor-widget elementor-widget-button\" data-id=\"f882d9c\" data-element_type=\"widget\" data-e-type=\"widget\" data-widget_type=\"button.default\">\n\t\t\t\t<div class=\"elementor-widget-container\">\n\t\t\t\t\t\t\t\t\t<div class=\"elementor-button-wrapper\">\n\t\t\t\t\t<a class=\"elementor-button elementor-button-link elementor-size-sm\" href=\"https:\/\/api.whatsapp.com\/send?phone=5541996010671&#038;text=Ol\u00e1!%20Estou%20entrando%20em%20contato%20pelo%20site%20Studio%20do%20dente,%20quero%20agendar%20uma%20consulta.\" target=\"_blank\" rel=\"nofollow\">\n\t\t\t\t\t\t<span class=\"elementor-button-content-wrapper\">\n\t\t\t\t\t\t<span class=\"elementor-button-icon\">\n\t\t\t\t<i aria-hidden=\"true\" class=\"fab fa-whatsapp\"><\/i>\t\t\t<\/span>\n\t\t\t\t\t\t\t\t\t<span class=\"elementor-button-text\">Agende sua consulta!<\/span>\n\t\t\t\t\t<\/span>\n\t\t\t\t\t<\/a>\n\t\t\t\t<\/div>\n\t\t\t\t\t\t\t\t<\/div>\n\t\t\t\t<\/div>\n\t\t\t\t<div class=\"elementor-element elementor-element-a006975 elementor-mobile-align-center elementor-hidden-desktop elementor-hidden-tablet elementor-widget elementor-widget-button\" data-id=\"a006975\" data-element_type=\"widget\" data-e-type=\"widget\" data-widget_type=\"button.default\">\n\t\t\t\t<div class=\"elementor-widget-container\">\n\t\t\t\t\t\t\t\t\t<div class=\"elementor-button-wrapper\">\n\t\t\t\t\t<a class=\"elementor-button elementor-button-link elementor-size-sm\" href=\"tel:04135666068\" target=\"_blank\" rel=\"nofollow\">\n\t\t\t\t\t\t<span class=\"elementor-button-content-wrapper\">\n\t\t\t\t\t\t<span class=\"elementor-button-icon\">\n\t\t\t\t<i aria-hidden=\"true\" class=\"fas fa-phone-alt\"><\/i>\t\t\t<\/span>\n\t\t\t\t\t\t\t\t\t<span class=\"elementor-button-text\">Ligue agora!<\/span>\n\t\t\t\t\t<\/span>\n\t\t\t\t\t<\/a>\n\t\t\t\t<\/div>\n\t\t\t\t\t\t\t\t<\/div>\n\t\t\t\t<\/div>\n\t\t\t\t\t<\/div>\n\t\t<\/div>\n\t\t\t\t<div class=\"elementor-column elementor-col-50 elementor-top-column elementor-element elementor-element-e11a14a\" data-id=\"e11a14a\" data-element_type=\"column\" data-e-type=\"column\">\n\t\t\t<div class=\"elementor-widget-wrap elementor-element-populated\">\n\t\t\t\t\t\t<div class=\"elementor-element elementor-element-ea4d65e elementor-widget elementor-widget-google_maps\" data-id=\"ea4d65e\" data-element_type=\"widget\" data-e-type=\"widget\" data-widget_type=\"google_maps.default\">\n\t\t\t\t<div class=\"elementor-widget-container\">\n\t\t\t\t\t\t\t<div class=\"elementor-custom-embed\">\n\t\t\t<iframe loading=\"lazy\"\n\t\t\t\t\tsrc=\"https:\/\/maps.google.com\/maps?q=Studio%20do%20Dente%20Rua%20Castro%2C%20665%2C%20%C3%81gua%20Verde%20-%20Curitiba%2FPR&#038;t=m&#038;z=16&#038;output=embed&#038;iwloc=near\"\n\t\t\t\t\ttitle=\"Studio do Dente Rua Castro, 665, \u00c1gua Verde - Curitiba\/PR\"\n\t\t\t\t\taria-label=\"Studio do Dente Rua Castro, 665, \u00c1gua Verde - Curitiba\/PR\"\n\t\t\t><\/iframe>\n\t\t<\/div>\n\t\t\t\t\t\t<\/div>\n\t\t\t\t<\/div>\n\t\t\t\t\t<\/div>\n\t\t<\/div>\n\t\t\t\t\t<\/div>\n\t\t<\/section>\n\t\t\t\t<\/div>\n\t\t","protected":false},"excerpt":{"rendered":"<p>Entre em Contato Entre em contato conosco! Nossa equipe est\u00e1 dispon\u00edvel de segunda a quinta, das 09h \u00e0s 18h30, e nas sextas, das 09h \u00e0s 17h30, pronta para atender suas d\u00favidas e agendar o seu tratamento. Estamos aqui para cuidar do seu sorriso! 41 99601-0671 41 3566-6068 Onde nos encontrar Rua Castro, 665, \u00c1gua Verde [&hellip;]<\/p>\n","protected":false},"author":6,"featured_media":0,"parent":0,"menu_order":0,"comment_status":"closed","ping_status":"closed","template":"elementor_header_footer","meta":{"footnotes":""},"class_list":["post-81","page","type-page","status-publish","hentry"],"yoast_head":"<!-- This site is optimized with the Yoast SEO plugin v27.2 - https:\/\/yoast.com\/product\/yoast-seo-wordpress\/ -->\n<title>Contato - Especialidades Odontol\u00f3gicas<\/title>\n<meta name=\"robots\" content=\"index, follow, max-snippet:-1, max-image-preview:large, max-video-preview:-1\" \/>\n<link rel=\"canonical\" href=\"https:\/\/studiododente.com.br\/?page_id=81\" \/>\n<meta property=\"og:locale\" content=\"pt_BR\" \/>\n<meta property=\"og:type\" content=\"article\" \/>\n<meta property=\"og:title\" content=\"Contato - Especialidades Odontol\u00f3gicas\" \/>\n<meta property=\"og:description\" content=\"Entre em Contato Entre em contato conosco! Nossa equipe est\u00e1 dispon\u00edvel de segunda a quinta, das 09h \u00e0s 18h30, e nas sextas, das 09h \u00e0s 17h30, pronta para atender suas d\u00favidas e agendar o seu tratamento. Estamos aqui para cuidar do seu sorriso! 41 99601-0671 41 3566-6068 Onde nos encontrar Rua Castro, 665, \u00c1gua Verde [&hellip;]\" \/>\n<meta property=\"og:url\" content=\"https:\/\/studiododente.com.br\/?page_id=81\" \/>\n<meta property=\"og:site_name\" content=\"Especialidades Odontol\u00f3gicas\" \/>\n<meta property=\"article:modified_time\" content=\"2024-10-31T13:25:02+00:00\" \/>\n<meta name=\"twitter:card\" content=\"summary_large_image\" \/>\n<meta name=\"twitter:label1\" content=\"Est. tempo de leitura\" \/>\n\t<meta name=\"twitter:data1\" content=\"1 minuto\" \/>\n<script type=\"application\/ld+json\" class=\"yoast-schema-graph\">{\"@context\":\"https:\/\/schema.org\",\"@graph\":[{\"@type\":\"WebPage\",\"@id\":\"https:\/\/studiododente.com.br\/?page_id=81\",\"url\":\"https:\/\/studiododente.com.br\/?page_id=81\",\"name\":\"Contato - Especialidades Odontol\u00f3gicas\",\"isPartOf\":{\"@id\":\"https:\/\/studiododente.com.br\/#website\"},\"datePublished\":\"2022-10-24T21:30:06+00:00\",\"dateModified\":\"2024-10-31T13:25:02+00:00\",\"breadcrumb\":{\"@id\":\"https:\/\/studiododente.com.br\/?page_id=81#breadcrumb\"},\"inLanguage\":\"pt-BR\",\"potentialAction\":[{\"@type\":\"ReadAction\",\"target\":[\"https:\/\/studiododente.com.br\/?page_id=81\"]}]},{\"@type\":\"BreadcrumbList\",\"@id\":\"https:\/\/studiododente.com.br\/?page_id=81#breadcrumb\",\"itemListElement\":[{\"@type\":\"ListItem\",\"position\":1,\"name\":\"Studio do Dente\",\"item\":\"https:\/\/studiododente.com.br\/\"},{\"@type\":\"ListItem\",\"position\":2,\"name\":\"Contato\"}]},{\"@type\":\"WebSite\",\"@id\":\"https:\/\/studiododente.com.br\/#website\",\"url\":\"https:\/\/studiododente.com.br\/\",\"name\":\"Studio do Dente\",\"description\":\"studiododente-com-br-751852.hostingersite.com\",\"publisher\":{\"@id\":\"https:\/\/studiododente.com.br\/#organization\"},\"potentialAction\":[{\"@type\":\"SearchAction\",\"target\":{\"@type\":\"EntryPoint\",\"urlTemplate\":\"https:\/\/studiododente.com.br\/?s={search_term_string}\"},\"query-input\":{\"@type\":\"PropertyValueSpecification\",\"valueRequired\":true,\"valueName\":\"search_term_string\"}}],\"inLanguage\":\"pt-BR\"},{\"@type\":\"Organization\",\"@id\":\"https:\/\/studiododente.com.br\/#organization\",\"name\":\"Studio do Dente\",\"url\":\"https:\/\/studiododente.com.br\/\",\"logo\":{\"@type\":\"ImageObject\",\"inLanguage\":\"pt-BR\",\"@id\":\"https:\/\/studiododente.com.br\/#\/schema\/logo\/image\/\",\"url\":\"https:\/\/studiododente.com.br\/wp-content\/uploads\/2022\/09\/logo-cabecalho.png\",\"contentUrl\":\"https:\/\/studiododente.com.br\/wp-content\/uploads\/2022\/09\/logo-cabecalho.png\",\"width\":300,\"height\":63,\"caption\":\"Studio do Dente\"},\"image\":{\"@id\":\"https:\/\/studiododente.com.br\/#\/schema\/logo\/image\/\"}}]}<\/script>\n<!-- \/ Yoast SEO plugin. -->","yoast_head_json":{"title":"Contato - Especialidades Odontol\u00f3gicas","robots":{"index":"index","follow":"follow","max-snippet":"max-snippet:-1","max-image-preview":"max-image-preview:large","max-video-preview":"max-video-preview:-1"},"canonical":"https:\/\/studiododente.com.br\/?page_id=81","og_locale":"pt_BR","og_type":"article","og_title":"Contato - Especialidades Odontol\u00f3gicas","og_description":"Entre em Contato Entre em contato conosco! Nossa equipe est\u00e1 dispon\u00edvel de segunda a quinta, das 09h \u00e0s 18h30, e nas sextas, das 09h \u00e0s 17h30, pronta para atender suas d\u00favidas e agendar o seu tratamento. Estamos aqui para cuidar do seu sorriso! 41 99601-0671 41 3566-6068 Onde nos encontrar Rua Castro, 665, \u00c1gua Verde [&hellip;]","og_url":"https:\/\/studiododente.com.br\/?page_id=81","og_site_name":"Especialidades Odontol\u00f3gicas","article_modified_time":"2024-10-31T13:25:02+00:00","twitter_card":"summary_large_image","twitter_misc":{"Est. tempo de leitura":"1 minuto"},"schema":{"@context":"https:\/\/schema.org","@graph":[{"@type":"WebPage","@id":"https:\/\/studiododente.com.br\/?page_id=81","url":"https:\/\/studiododente.com.br\/?page_id=81","name":"Contato - Especialidades Odontol\u00f3gicas","isPartOf":{"@id":"https:\/\/studiododente.com.br\/#website"},"datePublished":"2022-10-24T21:30:06+00:00","dateModified":"2024-10-31T13:25:02+00:00","breadcrumb":{"@id":"https:\/\/studiododente.com.br\/?page_id=81#breadcrumb"},"inLanguage":"pt-BR","potentialAction":[{"@type":"ReadAction","target":["https:\/\/studiododente.com.br\/?page_id=81"]}]},{"@type":"BreadcrumbList","@id":"https:\/\/studiododente.com.br\/?page_id=81#breadcrumb","itemListElement":[{"@type":"ListItem","position":1,"name":"Studio do Dente","item":"https:\/\/studiododente.com.br\/"},{"@type":"ListItem","position":2,"name":"Contato"}]},{"@type":"WebSite","@id":"https:\/\/studiododente.com.br\/#website","url":"https:\/\/studiododente.com.br\/","name":"Studio do Dente","description":"studiododente-com-br-751852.hostingersite.com","publisher":{"@id":"https:\/\/studiododente.com.br\/#organization"},"potentialAction":[{"@type":"SearchAction","target":{"@type":"EntryPoint","urlTemplate":"https:\/\/studiododente.com.br\/?s={search_term_string}"},"query-input":{"@type":"PropertyValueSpecification","valueRequired":true,"valueName":"search_term_string"}}],"inLanguage":"pt-BR"},{"@type":"Organization","@id":"https:\/\/studiododente.com.br\/#organization","name":"Studio do Dente","url":"https:\/\/studiododente.com.br\/","logo":{"@type":"ImageObject","inLanguage":"pt-BR","@id":"https:\/\/studiododente.com.br\/#\/schema\/logo\/image\/","url":"https:\/\/studiododente.com.br\/wp-content\/uploads\/2022\/09\/logo-cabecalho.png","contentUrl":"https:\/\/studiododente.com.br\/wp-content\/uploads\/2022\/09\/logo-cabecalho.png","width":300,"height":63,"caption":"Studio do Dente"},"image":{"@id":"https:\/\/studiododente.com.br\/#\/schema\/logo\/image\/"}}]}},"_links":{"self":[{"href":"https:\/\/studiododente.com.br\/index.php?rest_route=\/wp\/v2\/pages\/81","targetHints":{"allow":["GET"]}}],"collection":[{"href":"https:\/\/studiododente.com.br\/index.php?rest_route=\/wp\/v2\/pages"}],"about":[{"href":"https:\/\/studiododente.com.br\/index.php?rest_route=\/wp\/v2\/types\/page"}],"author":[{"embeddable":true,"href":"https:\/\/studiododente.com.br\/index.php?rest_route=\/wp\/v2\/users\/6"}],"replies":[{"embeddable":true,"href":"https:\/\/studiododente.com.br\/index.php?rest_route=%2Fwp%2Fv2%2Fcomments&post=81"}],"version-history":[{"count":0,"href":"https:\/\/studiododente.com.br\/index.php?rest_route=\/wp\/v2\/pages\/81\/revisions"}],"wp:attachment":[{"href":"https:\/\/studiododente.com.br\/index.php?rest_route=%2Fwp%2Fv2%2Fmedia&parent=81"}],"curies":[{"name":"wp","href":"https:\/\/api.w.org\/{rel}","templated":true}]}}