{"id":2223,"date":"2024-10-15T13:48:17","date_gmt":"2024-10-15T16:48:17","guid":{"rendered":"https:\/\/studiododente.superclinicas.com.br\/contato-copy\/"},"modified":"2024-10-15T14:07:49","modified_gmt":"2024-10-15T17:07:49","slug":"blog","status":"publish","type":"page","link":"https:\/\/studiododente.com.br\/?page_id=2223","title":{"rendered":"Blog"},"content":{"rendered":"\t\t<div data-elementor-type=\"wp-page\" data-elementor-id=\"2223\" class=\"elementor elementor-2223\" data-elementor-post-type=\"page\">\n\t\t\t\t\t\t<section class=\"elementor-section elementor-top-section elementor-element elementor-element-4f5515e elementor-hidden-mobile elementor-section-boxed elementor-section-height-default elementor-section-height-default\" data-id=\"4f5515e\" data-element_type=\"section\" data-e-type=\"section\" data-settings=\"{&quot;background_background&quot;:&quot;classic&quot;}\">\n\t\t\t\t\t\t<div class=\"elementor-container elementor-column-gap-default\">\n\t\t\t\t\t<div class=\"elementor-column elementor-col-100 elementor-top-column elementor-element elementor-element-4302319 elementor-hidden-mobile\" data-id=\"4302319\" data-element_type=\"column\" data-e-type=\"column\">\n\t\t\t<div class=\"elementor-widget-wrap elementor-element-populated\">\n\t\t\t\t\t\t<div class=\"elementor-element elementor-element-b208d82 elementor-widget elementor-widget-heading\" data-id=\"b208d82\" data-element_type=\"widget\" data-e-type=\"widget\" data-widget_type=\"heading.default\">\n\t\t\t\t<div class=\"elementor-widget-container\">\n\t\t\t\t\t<span class=\"elementor-heading-title elementor-size-default\">Sorrisos Transformados, Conhecimento Compartilhado<\/span>\t\t\t\t<\/div>\n\t\t\t\t<\/div>\n\t\t\t\t<div class=\"elementor-element elementor-element-a09b48a elementor-widget elementor-widget-heading\" data-id=\"a09b48a\" data-element_type=\"widget\" data-e-type=\"widget\" data-widget_type=\"heading.default\">\n\t\t\t\t<div class=\"elementor-widget-container\">\n\t\t\t\t\t<h1 class=\"elementor-heading-title elementor-size-default\">Blog<\/h1>\t\t\t\t<\/div>\n\t\t\t\t<\/div>\n\t\t\t\t<div class=\"elementor-element elementor-element-bbf6235 elementor-align-center elementor-mobile-align-center elementor-widget elementor-widget-breadcrumbs\" data-id=\"bbf6235\" data-element_type=\"widget\" data-e-type=\"widget\" data-widget_type=\"breadcrumbs.default\">\n\t\t\t\t<div class=\"elementor-widget-container\">\n\t\t\t\t\t<p id=\"breadcrumbs\"><span><span><a href=\"https:\/\/studiododente.com.br\/\">Studio do Dente<\/a><\/span><\/span><\/p>\t\t\t\t<\/div>\n\t\t\t\t<\/div>\n\t\t\t\t\t<\/div>\n\t\t<\/div>\n\t\t\t\t\t<\/div>\n\t\t<\/section>\n\t\t\t\t<section class=\"elementor-section elementor-top-section elementor-element elementor-element-09bf427 elementor-hidden-desktop elementor-hidden-tablet elementor-section-boxed elementor-section-height-default elementor-section-height-default\" data-id=\"09bf427\" data-element_type=\"section\" data-e-type=\"section\" data-settings=\"{&quot;background_background&quot;:&quot;classic&quot;}\">\n\t\t\t\t\t\t<div class=\"elementor-container elementor-column-gap-default\">\n\t\t\t\t\t<div class=\"elementor-column elementor-col-100 elementor-top-column elementor-element elementor-element-b2ccff1\" data-id=\"b2ccff1\" data-element_type=\"column\" data-e-type=\"column\">\n\t\t\t<div class=\"elementor-widget-wrap elementor-element-populated\">\n\t\t\t\t\t\t<section class=\"elementor-section elementor-inner-section elementor-element elementor-element-ba16760 elementor-section-boxed elementor-section-height-default elementor-section-height-default\" data-id=\"ba16760\" data-element_type=\"section\" data-e-type=\"section\">\n\t\t\t\t\t\t<div class=\"elementor-container elementor-column-gap-default\">\n\t\t\t\t\t<div class=\"elementor-column elementor-col-100 elementor-inner-column elementor-element elementor-element-48c59e8\" data-id=\"48c59e8\" data-element_type=\"column\" data-e-type=\"column\" data-settings=\"{&quot;background_background&quot;:&quot;classic&quot;}\">\n\t\t\t<div class=\"elementor-widget-wrap elementor-element-populated\">\n\t\t\t\t\t\t<div class=\"elementor-element elementor-element-56b3594 elementor-widget elementor-widget-heading\" data-id=\"56b3594\" data-element_type=\"widget\" data-e-type=\"widget\" data-widget_type=\"heading.default\">\n\t\t\t\t<div class=\"elementor-widget-container\">\n\t\t\t\t\t<span class=\"elementor-heading-title elementor-size-default\">Sorrisos Transformados, Conhecimento Compartilhado<\/span>\t\t\t\t<\/div>\n\t\t\t\t<\/div>\n\t\t\t\t<div class=\"elementor-element elementor-element-8d97412 elementor-widget elementor-widget-heading\" data-id=\"8d97412\" data-element_type=\"widget\" data-e-type=\"widget\" data-widget_type=\"heading.default\">\n\t\t\t\t<div class=\"elementor-widget-container\">\n\t\t\t\t\t<h1 class=\"elementor-heading-title elementor-size-default\">Blog<\/h1>\t\t\t\t<\/div>\n\t\t\t\t<\/div>\n\t\t\t\t<div class=\"elementor-element elementor-element-55ddab1 elementor-align-center elementor-mobile-align-center elementor-widget elementor-widget-breadcrumbs\" data-id=\"55ddab1\" data-element_type=\"widget\" data-e-type=\"widget\" data-widget_type=\"breadcrumbs.default\">\n\t\t\t\t<div class=\"elementor-widget-container\">\n\t\t\t\t\t<p id=\"breadcrumbs\"><span><span><a href=\"https:\/\/studiododente.com.br\/\">Studio do Dente<\/a><\/span><\/span><\/p>\t\t\t\t<\/div>\n\t\t\t\t<\/div>\n\t\t\t\t\t<\/div>\n\t\t<\/div>\n\t\t\t\t\t<\/div>\n\t\t<\/section>\n\t\t\t\t<div class=\"elementor-element elementor-element-ad22e6e elementor-widget-divider--view-line elementor-widget elementor-widget-divider\" data-id=\"ad22e6e\" data-element_type=\"widget\" data-e-type=\"widget\" data-widget_type=\"divider.default\">\n\t\t\t\t<div class=\"elementor-widget-container\">\n\t\t\t\t\t\t\t<div class=\"elementor-divider\">\n\t\t\t<span class=\"elementor-divider-separator\">\n\t\t\t\t\t\t<\/span>\n\t\t<\/div>\n\t\t\t\t\t\t<\/div>\n\t\t\t\t<\/div>\n\t\t\t\t\t<\/div>\n\t\t<\/div>\n\t\t\t\t\t<\/div>\n\t\t<\/section>\n\t\t\t\t<section class=\"elementor-section elementor-top-section elementor-element elementor-element-de0a313 elementor-section-boxed elementor-section-height-default elementor-section-height-default\" data-id=\"de0a313\" data-element_type=\"section\" data-e-type=\"section\" data-settings=\"{&quot;background_background&quot;:&quot;classic&quot;}\">\n\t\t\t\t\t\t<div class=\"elementor-container elementor-column-gap-default\">\n\t\t\t\t\t<div class=\"elementor-column elementor-col-100 elementor-top-column elementor-element elementor-element-968ddd0\" data-id=\"968ddd0\" data-element_type=\"column\" data-e-type=\"column\">\n\t\t\t<div class=\"elementor-widget-wrap elementor-element-populated\">\n\t\t\t\t\t\t<div class=\"elementor-element elementor-element-7545d17 elementor-grid-3 elementor-grid-tablet-2 elementor-grid-mobile-1 elementor-posts--thumbnail-top elementor-widget elementor-widget-posts\" data-id=\"7545d17\" data-element_type=\"widget\" data-e-type=\"widget\" data-settings=\"{&quot;classic_row_gap&quot;:{&quot;unit&quot;:&quot;px&quot;,&quot;size&quot;:43,&quot;sizes&quot;:[]},&quot;classic_columns&quot;:&quot;3&quot;,&quot;classic_columns_tablet&quot;:&quot;2&quot;,&quot;classic_columns_mobile&quot;:&quot;1&quot;,&quot;classic_row_gap_tablet&quot;:{&quot;unit&quot;:&quot;px&quot;,&quot;size&quot;:&quot;&quot;,&quot;sizes&quot;:[]},&quot;classic_row_gap_mobile&quot;:{&quot;unit&quot;:&quot;px&quot;,&quot;size&quot;:&quot;&quot;,&quot;sizes&quot;:[]}}\" data-widget_type=\"posts.classic\">\n\t\t\t\t<div class=\"elementor-widget-container\">\n\t\t\t\t\t\t\t<div class=\"elementor-posts-container elementor-posts elementor-posts--skin-classic elementor-grid\" role=\"list\">\n\t\t\t\t<article class=\"elementor-post elementor-grid-item post-2244 post type-post status-publish format-standard has-post-thumbnail hentry category-saude-bucal\" role=\"listitem\">\n\t\t\t\t<a class=\"elementor-post__thumbnail__link\" href=\"https:\/\/studiododente.com.br\/?p=2244\" tabindex=\"-1\" >\n\t\t\t<div class=\"elementor-post__thumbnail\"><img fetchpriority=\"high\" decoding=\"async\" width=\"1920\" height=\"1080\" src=\"https:\/\/studiododente.com.br\/wp-content\/uploads\/2024\/10\/maxresdefault.jpg\" class=\"attachment-full size-full wp-image-2245\" alt=\"\" srcset=\"https:\/\/studiododente.com.br\/wp-content\/uploads\/2024\/10\/maxresdefault.jpg 1920w, https:\/\/studiododente.com.br\/wp-content\/uploads\/2024\/10\/maxresdefault-300x169.jpg 300w, https:\/\/studiododente.com.br\/wp-content\/uploads\/2024\/10\/maxresdefault-1024x576.jpg 1024w, https:\/\/studiododente.com.br\/wp-content\/uploads\/2024\/10\/maxresdefault-768x432.jpg 768w, https:\/\/studiododente.com.br\/wp-content\/uploads\/2024\/10\/maxresdefault-1536x864.jpg 1536w\" sizes=\"(max-width: 1920px) 100vw, 1920px\" \/><\/div>\n\t\t<\/a>\n\t\t\t\t<div class=\"elementor-post__text\">\n\t\t\t\t<h3 class=\"elementor-post__title\">\n\t\t\t<a href=\"https:\/\/studiododente.com.br\/?p=2244\" >\n\t\t\t\tA rela\u00e7\u00e3o entre sa\u00fade bucal e alimenta\u00e7\u00e3o\t\t\t<\/a>\n\t\t<\/h3>\n\t\t\t\t<div class=\"elementor-post__excerpt\">\n\t\t\t<p>A alimenta\u00e7\u00e3o desempenha um papel importante na sa\u00fade dos seus dentes. Alimentos ricos em a\u00e7\u00facar podem contribuir para a forma\u00e7\u00e3o de c\u00e1ries, enquanto op\u00e7\u00f5es como<\/p>\n\t\t<\/div>\n\t\t\n\t\t<a class=\"elementor-post__read-more\" href=\"https:\/\/studiododente.com.br\/?p=2244\" aria-label=\"Leia mais sobre A rela\u00e7\u00e3o entre sa\u00fade bucal e alimenta\u00e7\u00e3o\" tabindex=\"-1\" >\n\t\t\tLeia mais \u00bb\t\t<\/a>\n\n\t\t\t\t<\/div>\n\t\t\t\t<\/article>\n\t\t\t\t<article class=\"elementor-post elementor-grid-item post-2241 post type-post status-publish format-standard has-post-thumbnail hentry category-saude-bucal\" role=\"listitem\">\n\t\t\t\t<a class=\"elementor-post__thumbnail__link\" href=\"https:\/\/studiododente.com.br\/?p=2241\" tabindex=\"-1\" >\n\t\t\t<div class=\"elementor-post__thumbnail\"><img decoding=\"async\" width=\"1920\" height=\"1080\" src=\"https:\/\/studiododente.com.br\/wp-content\/uploads\/2024\/10\/7696abc9f35f5d577801a4cc85e315f3.jpg\" class=\"attachment-full size-full wp-image-2242\" alt=\"\" srcset=\"https:\/\/studiododente.com.br\/wp-content\/uploads\/2024\/10\/7696abc9f35f5d577801a4cc85e315f3.jpg 1920w, https:\/\/studiododente.com.br\/wp-content\/uploads\/2024\/10\/7696abc9f35f5d577801a4cc85e315f3-300x169.jpg 300w, https:\/\/studiododente.com.br\/wp-content\/uploads\/2024\/10\/7696abc9f35f5d577801a4cc85e315f3-1024x576.jpg 1024w, https:\/\/studiododente.com.br\/wp-content\/uploads\/2024\/10\/7696abc9f35f5d577801a4cc85e315f3-768x432.jpg 768w, https:\/\/studiododente.com.br\/wp-content\/uploads\/2024\/10\/7696abc9f35f5d577801a4cc85e315f3-1536x864.jpg 1536w\" sizes=\"(max-width: 1920px) 100vw, 1920px\" \/><\/div>\n\t\t<\/a>\n\t\t\t\t<div class=\"elementor-post__text\">\n\t\t\t\t<h3 class=\"elementor-post__title\">\n\t\t\t<a href=\"https:\/\/studiododente.com.br\/?p=2241\" >\n\t\t\t\tDentes sens\u00edveis: Como amenizar o desconforto?\t\t\t<\/a>\n\t\t<\/h3>\n\t\t\t\t<div class=\"elementor-post__excerpt\">\n\t\t\t<p>Se beber algo gelado ou quente causa inc\u00f4modo nos seus dentes, voc\u00ea pode estar lidando com sensibilidade dent\u00e1ria. Esse problema ocorre quando o esmalte dent\u00e1rio<\/p>\n\t\t<\/div>\n\t\t\n\t\t<a class=\"elementor-post__read-more\" href=\"https:\/\/studiododente.com.br\/?p=2241\" aria-label=\"Leia mais sobre Dentes sens\u00edveis: Como amenizar o desconforto?\" tabindex=\"-1\" >\n\t\t\tLeia mais \u00bb\t\t<\/a>\n\n\t\t\t\t<\/div>\n\t\t\t\t<\/article>\n\t\t\t\t<article class=\"elementor-post elementor-grid-item post-2238 post type-post status-publish format-standard has-post-thumbnail hentry category-saude-bucal\" role=\"listitem\">\n\t\t\t\t<a class=\"elementor-post__thumbnail__link\" href=\"https:\/\/studiododente.com.br\/?p=2238\" tabindex=\"-1\" >\n\t\t\t<div class=\"elementor-post__thumbnail\"><img decoding=\"async\" width=\"1920\" height=\"1080\" src=\"https:\/\/studiododente.com.br\/wp-content\/uploads\/2024\/10\/122112.jpg\" class=\"attachment-full size-full wp-image-2239\" alt=\"\" srcset=\"https:\/\/studiododente.com.br\/wp-content\/uploads\/2024\/10\/122112.jpg 1920w, https:\/\/studiododente.com.br\/wp-content\/uploads\/2024\/10\/122112-300x169.jpg 300w, https:\/\/studiododente.com.br\/wp-content\/uploads\/2024\/10\/122112-1024x576.jpg 1024w, https:\/\/studiododente.com.br\/wp-content\/uploads\/2024\/10\/122112-768x432.jpg 768w, https:\/\/studiododente.com.br\/wp-content\/uploads\/2024\/10\/122112-1536x864.jpg 1536w\" sizes=\"(max-width: 1920px) 100vw, 1920px\" \/><\/div>\n\t\t<\/a>\n\t\t\t\t<div class=\"elementor-post__text\">\n\t\t\t\t<h3 class=\"elementor-post__title\">\n\t\t\t<a href=\"https:\/\/studiododente.com.br\/?p=2238\" >\n\t\t\t\tA Import\u00e2ncia da higiene bucal completa: Vai al\u00e9m de escovar os dentes\t\t\t<\/a>\n\t\t<\/h3>\n\t\t\t\t<div class=\"elementor-post__excerpt\">\n\t\t\t<p>A higiene bucal vai muito al\u00e9m da escova\u00e7\u00e3o di\u00e1ria. Para garantir um sorriso saud\u00e1vel, \u00e9 essencial seguir uma rotina completa, que inclua o uso de<\/p>\n\t\t<\/div>\n\t\t\n\t\t<a class=\"elementor-post__read-more\" href=\"https:\/\/studiododente.com.br\/?p=2238\" aria-label=\"Leia mais sobre A Import\u00e2ncia da higiene bucal completa: Vai al\u00e9m de escovar os dentes\" tabindex=\"-1\" >\n\t\t\tLeia mais \u00bb\t\t<\/a>\n\n\t\t\t\t<\/div>\n\t\t\t\t<\/article>\n\t\t\t\t<\/div>\n\t\t\n\t\t\t\t\t\t<\/div>\n\t\t\t\t<\/div>\n\t\t\t\t\t<\/div>\n\t\t<\/div>\n\t\t\t\t\t<\/div>\n\t\t<\/section>\n\t\t\t\t<\/div>\n\t\t","protected":false},"excerpt":{"rendered":"<p>Sorrisos Transformados, Conhecimento Compartilhado Blog Sorrisos Transformados, Conhecimento Compartilhado Blog<\/p>\n","protected":false},"author":6,"featured_media":0,"parent":0,"menu_order":0,"comment_status":"closed","ping_status":"closed","template":"elementor_header_footer","meta":{"footnotes":""},"class_list":["post-2223","page","type-page","status-publish","hentry"],"yoast_head":"<!-- This site is optimized with the Yoast SEO plugin v27.2 - https:\/\/yoast.com\/product\/yoast-seo-wordpress\/ -->\n<title>Blog - Especialidades Odontol\u00f3gicas<\/title>\n<meta name=\"robots\" content=\"index, follow, max-snippet:-1, max-image-preview:large, max-video-preview:-1\" \/>\n<link rel=\"canonical\" href=\"https:\/\/studiododente.com.br\/?page_id=2223\" \/>\n<meta property=\"og:locale\" content=\"pt_BR\" \/>\n<meta property=\"og:type\" content=\"article\" \/>\n<meta property=\"og:title\" content=\"Blog - Especialidades Odontol\u00f3gicas\" \/>\n<meta property=\"og:description\" content=\"Sorrisos Transformados, Conhecimento Compartilhado Blog Sorrisos Transformados, Conhecimento Compartilhado Blog\" \/>\n<meta property=\"og:url\" content=\"https:\/\/studiododente.com.br\/?page_id=2223\" \/>\n<meta property=\"og:site_name\" content=\"Especialidades Odontol\u00f3gicas\" \/>\n<meta property=\"article:modified_time\" content=\"2024-10-15T17:07:49+00:00\" \/>\n<meta name=\"twitter:card\" content=\"summary_large_image\" \/>\n<meta name=\"twitter:label1\" content=\"Est. tempo de leitura\" \/>\n\t<meta name=\"twitter:data1\" content=\"3 minutos\" \/>\n<script type=\"application\/ld+json\" class=\"yoast-schema-graph\">{\"@context\":\"https:\/\/schema.org\",\"@graph\":[{\"@type\":\"WebPage\",\"@id\":\"https:\/\/studiododente.com.br\/?page_id=2223\",\"url\":\"https:\/\/studiododente.com.br\/?page_id=2223\",\"name\":\"Blog - Especialidades Odontol\u00f3gicas\",\"isPartOf\":{\"@id\":\"https:\/\/studiododente.com.br\/#website\"},\"datePublished\":\"2024-10-15T16:48:17+00:00\",\"dateModified\":\"2024-10-15T17:07:49+00:00\",\"breadcrumb\":{\"@id\":\"https:\/\/studiododente.com.br\/?page_id=2223#breadcrumb\"},\"inLanguage\":\"pt-BR\",\"potentialAction\":[{\"@type\":\"ReadAction\",\"target\":[\"https:\/\/studiododente.com.br\/?page_id=2223\"]}]},{\"@type\":\"BreadcrumbList\",\"@id\":\"https:\/\/studiododente.com.br\/?page_id=2223#breadcrumb\",\"itemListElement\":[{\"@type\":\"ListItem\",\"position\":1,\"name\":\"Studio do Dente\",\"item\":\"https:\/\/studiododente.com.br\/\"},{\"@type\":\"ListItem\",\"position\":2,\"name\":\"Blog\"}]},{\"@type\":\"WebSite\",\"@id\":\"https:\/\/studiododente.com.br\/#website\",\"url\":\"https:\/\/studiododente.com.br\/\",\"name\":\"Studio do Dente\",\"description\":\"studiododente-com-br-751852.hostingersite.com\",\"publisher\":{\"@id\":\"https:\/\/studiododente.com.br\/#organization\"},\"potentialAction\":[{\"@type\":\"SearchAction\",\"target\":{\"@type\":\"EntryPoint\",\"urlTemplate\":\"https:\/\/studiododente.com.br\/?s={search_term_string}\"},\"query-input\":{\"@type\":\"PropertyValueSpecification\",\"valueRequired\":true,\"valueName\":\"search_term_string\"}}],\"inLanguage\":\"pt-BR\"},{\"@type\":\"Organization\",\"@id\":\"https:\/\/studiododente.com.br\/#organization\",\"name\":\"Studio do Dente\",\"url\":\"https:\/\/studiododente.com.br\/\",\"logo\":{\"@type\":\"ImageObject\",\"inLanguage\":\"pt-BR\",\"@id\":\"https:\/\/studiododente.com.br\/#\/schema\/logo\/image\/\",\"url\":\"https:\/\/studiododente.com.br\/wp-content\/uploads\/2022\/09\/logo-cabecalho.png\",\"contentUrl\":\"https:\/\/studiododente.com.br\/wp-content\/uploads\/2022\/09\/logo-cabecalho.png\",\"width\":300,\"height\":63,\"caption\":\"Studio do Dente\"},\"image\":{\"@id\":\"https:\/\/studiododente.com.br\/#\/schema\/logo\/image\/\"}}]}<\/script>\n<!-- \/ Yoast SEO plugin. -->","yoast_head_json":{"title":"Blog - Especialidades Odontol\u00f3gicas","robots":{"index":"index","follow":"follow","max-snippet":"max-snippet:-1","max-image-preview":"max-image-preview:large","max-video-preview":"max-video-preview:-1"},"canonical":"https:\/\/studiododente.com.br\/?page_id=2223","og_locale":"pt_BR","og_type":"article","og_title":"Blog - Especialidades Odontol\u00f3gicas","og_description":"Sorrisos Transformados, Conhecimento Compartilhado Blog Sorrisos Transformados, Conhecimento Compartilhado Blog","og_url":"https:\/\/studiododente.com.br\/?page_id=2223","og_site_name":"Especialidades Odontol\u00f3gicas","article_modified_time":"2024-10-15T17:07:49+00:00","twitter_card":"summary_large_image","twitter_misc":{"Est. tempo de leitura":"3 minutos"},"schema":{"@context":"https:\/\/schema.org","@graph":[{"@type":"WebPage","@id":"https:\/\/studiododente.com.br\/?page_id=2223","url":"https:\/\/studiododente.com.br\/?page_id=2223","name":"Blog - Especialidades Odontol\u00f3gicas","isPartOf":{"@id":"https:\/\/studiododente.com.br\/#website"},"datePublished":"2024-10-15T16:48:17+00:00","dateModified":"2024-10-15T17:07:49+00:00","breadcrumb":{"@id":"https:\/\/studiododente.com.br\/?page_id=2223#breadcrumb"},"inLanguage":"pt-BR","potentialAction":[{"@type":"ReadAction","target":["https:\/\/studiododente.com.br\/?page_id=2223"]}]},{"@type":"BreadcrumbList","@id":"https:\/\/studiododente.com.br\/?page_id=2223#breadcrumb","itemListElement":[{"@type":"ListItem","position":1,"name":"Studio do Dente","item":"https:\/\/studiododente.com.br\/"},{"@type":"ListItem","position":2,"name":"Blog"}]},{"@type":"WebSite","@id":"https:\/\/studiododente.com.br\/#website","url":"https:\/\/studiododente.com.br\/","name":"Studio do Dente","description":"studiododente-com-br-751852.hostingersite.com","publisher":{"@id":"https:\/\/studiododente.com.br\/#organization"},"potentialAction":[{"@type":"SearchAction","target":{"@type":"EntryPoint","urlTemplate":"https:\/\/studiododente.com.br\/?s={search_term_string}"},"query-input":{"@type":"PropertyValueSpecification","valueRequired":true,"valueName":"search_term_string"}}],"inLanguage":"pt-BR"},{"@type":"Organization","@id":"https:\/\/studiododente.com.br\/#organization","name":"Studio do Dente","url":"https:\/\/studiododente.com.br\/","logo":{"@type":"ImageObject","inLanguage":"pt-BR","@id":"https:\/\/studiododente.com.br\/#\/schema\/logo\/image\/","url":"https:\/\/studiododente.com.br\/wp-content\/uploads\/2022\/09\/logo-cabecalho.png","contentUrl":"https:\/\/studiododente.com.br\/wp-content\/uploads\/2022\/09\/logo-cabecalho.png","width":300,"height":63,"caption":"Studio do Dente"},"image":{"@id":"https:\/\/studiododente.com.br\/#\/schema\/logo\/image\/"}}]}},"_links":{"self":[{"href":"https:\/\/studiododente.com.br\/index.php?rest_route=\/wp\/v2\/pages\/2223","targetHints":{"allow":["GET"]}}],"collection":[{"href":"https:\/\/studiododente.com.br\/index.php?rest_route=\/wp\/v2\/pages"}],"about":[{"href":"https:\/\/studiododente.com.br\/index.php?rest_route=\/wp\/v2\/types\/page"}],"author":[{"embeddable":true,"href":"https:\/\/studiododente.com.br\/index.php?rest_route=\/wp\/v2\/users\/6"}],"replies":[{"embeddable":true,"href":"https:\/\/studiododente.com.br\/index.php?rest_route=%2Fwp%2Fv2%2Fcomments&post=2223"}],"version-history":[{"count":0,"href":"https:\/\/studiododente.com.br\/index.php?rest_route=\/wp\/v2\/pages\/2223\/revisions"}],"wp:attachment":[{"href":"https:\/\/studiododente.com.br\/index.php?rest_route=%2Fwp%2Fv2%2Fmedia&parent=2223"}],"curies":[{"name":"wp","href":"https:\/\/api.w.org\/{rel}","templated":true}]}}